{"id":51,"date":"2020-11-03T09:48:33","date_gmt":"2020-11-03T12:48:33","guid":{"rendered":"http:\/\/www.policiajudicial.com.br\/site\/?page_id=51"},"modified":"2020-12-21T15:53:41","modified_gmt":"2020-12-21T18:53:41","slug":"junte-se-a-nos","status":"publish","type":"page","link":"https:\/\/www.policiajudicial.com.br\/site\/?page_id=51","title":{"rendered":"Junte-se a n\u00f3s"},"content":{"rendered":"\t\t<div data-elementor-type=\"wp-page\" data-elementor-id=\"51\" class=\"elementor elementor-51\" data-elementor-settings=\"[]\">\n\t\t\t\t\t\t<div class=\"elementor-inner\">\n\t\t\t\t\t\t\t<div class=\"elementor-section-wrap\">\n\t\t\t\t\t\t\t<section class=\"has_eae_slider elementor-section elementor-top-section elementor-element elementor-element-b864f4e elementor-section-boxed elementor-section-height-default elementor-section-height-default\" data-id=\"b864f4e\" data-element_type=\"section\" data-settings=\"{&quot;_ha_eqh_enable&quot;:false}\">\n\t\t\t\t\t\t<div class=\"elementor-container elementor-column-gap-default\">\n\t\t\t\t\t\t\t<div class=\"elementor-row\">\n\t\t\t\t\t<div class=\"has_eae_slider elementor-column elementor-col-100 elementor-top-column elementor-element elementor-element-ab634f0\" data-id=\"ab634f0\" data-element_type=\"column\">\n\t\t\t<div class=\"elementor-column-wrap elementor-element-populated\">\n\t\t\t\t\t\t\t<div class=\"elementor-widget-wrap\">\n\t\t\t\t\t\t<div class=\"elementor-element elementor-element-ccf6ffb elementor-widget elementor-widget-heading\" data-id=\"ccf6ffb\" data-element_type=\"widget\" data-widget_type=\"heading.default\">\n\t\t\t\t<div class=\"elementor-widget-container\">\n\t\t\t<h1 class=\"elementor-heading-title elementor-size-xxl\">JUNTE-SE A N\u00d3S<\/h1>\t\t<\/div>\n\t\t\t\t<\/div>\n\t\t\t\t\t\t<\/div>\n\t\t\t\t\t<\/div>\n\t\t<\/div>\n\t\t\t\t\t\t\t\t<\/div>\n\t\t\t\t\t<\/div>\n\t\t<\/section>\n\t\t\t\t<section class=\"has_eae_slider elementor-section elementor-top-section elementor-element elementor-element-7482802 elementor-section-boxed elementor-section-height-default elementor-section-height-default\" data-id=\"7482802\" data-element_type=\"section\" data-settings=\"{&quot;_ha_eqh_enable&quot;:false}\">\n\t\t\t\t\t\t<div class=\"elementor-container elementor-column-gap-default\">\n\t\t\t\t\t\t\t<div class=\"elementor-row\">\n\t\t\t\t\t<div class=\"has_eae_slider elementor-column elementor-col-100 elementor-top-column elementor-element elementor-element-f54ad29\" data-id=\"f54ad29\" data-element_type=\"column\">\n\t\t\t<div class=\"elementor-column-wrap elementor-element-populated\">\n\t\t\t\t\t\t\t<div class=\"elementor-widget-wrap\">\n\t\t\t\t\t\t<div class=\"elementor-element elementor-element-903fc23 elementor-widget-divider--view-line_text elementor-widget-divider--separator-type-pattern elementor-widget-divider--no-spacing elementor-widget-divider--element-align-center elementor-widget elementor-widget-divider\" data-id=\"903fc23\" data-element_type=\"widget\" data-widget_type=\"divider.default\">\n\t\t\t\t<div class=\"elementor-widget-container\">\n\t\t\t\t\t<div class=\"elementor-divider\" style=\"--divider-pattern-url: url(&quot;data:image\/svg+xml,%3Csvg xmlns=&#039;http:\/\/www.w3.org\/2000\/svg&#039; preserveAspectRatio=&#039;none&#039; overflow=&#039;visible&#039; height=&#039;100%&#039; viewBox=&#039;0 0 24 24&#039; fill=&#039;black&#039; stroke=&#039;none&#039;%3E%3Cpath d=&#039;M24,8v12H0V8H24z M24,4v1H0V4H24z&#039;\/%3E%3C\/svg%3E&quot;);\">\n\t\t\t<span class=\"elementor-divider-separator\">\n\t\t\t\t\t\t\t<span class=\"elementor-divider__text elementor-divider__element\">TRABALHE CONOSCO<\/span>\n\t\t\t\t\t\t<\/span>\n\t\t<\/div>\n\t\t\t\t<\/div>\n\t\t\t\t<\/div>\n\t\t\t\t<div class=\"elementor-element elementor-element-1e72233 elementor-widget elementor-widget-text-editor\" data-id=\"1e72233\" data-element_type=\"widget\" data-widget_type=\"text-editor.default\">\n\t\t\t\t<div class=\"elementor-widget-container\">\n\t\t\t\t\t\t\t\t<div class=\"elementor-text-editor elementor-clearfix\">\n\t\t\t\t\t<p>Se voc\u00ea \u00e9 professor, escritor, policial ou especialista em seguran\u00e7a p\u00fablica ou privada e deseja realizar trabalhos de pesquisa e produ\u00e7\u00e3o cient\u00edfica voltados \u00e0s ci\u00eancias policiais ou \u00e0 ci\u00eancia de seguran\u00e7a, intelig\u00eancia ou contraintelig\u00eancia, JUNTE-SE A N\u00d3S, envie seu curr\u00edculo para coordenador@policiajudicial.com.br, indique os temas de estudos que fazem parte de sua expertise e concorra a uma bolsa de estudos e a uma cadeira acad\u00eamica para ser professor no Centro de Estudos de Ci\u00eancias Policiais.<\/p>\t\t\t\t\t<\/div>\n\t\t\t\t\t\t<\/div>\n\t\t\t\t<\/div>\n\t\t\t\t<div class=\"elementor-element elementor-element-d775986 elementor-widget-divider--view-line_text elementor-widget-divider--separator-type-pattern elementor-widget-divider--no-spacing elementor-widget-divider--element-align-center elementor-widget elementor-widget-divider\" data-id=\"d775986\" data-element_type=\"widget\" data-widget_type=\"divider.default\">\n\t\t\t\t<div class=\"elementor-widget-container\">\n\t\t\t\t\t<div class=\"elementor-divider\" style=\"--divider-pattern-url: url(&quot;data:image\/svg+xml,%3Csvg xmlns=&#039;http:\/\/www.w3.org\/2000\/svg&#039; preserveAspectRatio=&#039;none&#039; overflow=&#039;visible&#039; height=&#039;100%&#039; viewBox=&#039;0 0 24 24&#039; fill=&#039;black&#039; stroke=&#039;none&#039;%3E%3Cpath d=&#039;M24,8v12H0V8H24z M24,4v1H0V4H24z&#039;\/%3E%3C\/svg%3E&quot;);\">\n\t\t\t<span class=\"elementor-divider-separator\">\n\t\t\t\t\t\t\t<span class=\"elementor-divider__text elementor-divider__element\">TEMAS DE ESTUDOS<\/span>\n\t\t\t\t\t\t<\/span>\n\t\t<\/div>\n\t\t\t\t<\/div>\n\t\t\t\t<\/div>\n\t\t\t\t<div class=\"elementor-element elementor-element-1afd9ea elementor-hidden-desktop eae-pop-btn-align-center eae-pop-btn-type-text elementor-widget elementor-widget-wts-modal-popup\" data-id=\"1afd9ea\" data-element_type=\"widget\" data-widget_type=\"wts-modal-popup.default\">\n\t\t\t\t<div class=\"elementor-widget-container\">\n\t\t\t\t\t<div class=\"eae-popup-wrapper eae-popup-2106324067\" data-id=\"2106324067\"\n\t\t\tdata-preview-modal=\"\" data-close-button-type=\"icon\"\n\t\t\tdata-close-btn=\"fas fa-times\" data-close-in-out=\"true\">\n\t\t\t<a class=\"eae-popup-link icon-position-before\"\n\t\t\tdata-id=\"2106324067\" data-ctrl-id=\"1afd9ea\" href=\"#2106324067\">\n\t\t\t\t\t\t\t\t\t\t\t\t\t\t<span class=\"eae-popup-btn-icon\">\n\t\t\t\t\t\t\t\t\t\t\t<\/span>\n\t\t\t\t\t\t\t\t\t\t\t\t<span class=\"eae-popup-btn-text\">\n\t\t\t\t\t\t\tClique aqui para baixar o Edital do PROCESSO SELETIVO PARA OBTEN\u00c7\u00c3O DE BOLSA DE ESTUDOS\t\t\t\t\t\t<\/span>\n\t\t\t\t\t\t\t\t\t\t\t\t\t<\/a>\n\t\t<\/div>\n\n\t\t<div id=\"2106324067\" class=\"eae-popup-2106324067 mfp-hide eae-popup-container\">\n\t\t\t<div class=\"eae-popup-content\">\n\t\t\t\t\t\t\t\t\t<div class=\"eae-modal-content\">\n\t\t\t\t\t\t<p><a href=\"https:\/\/www.policiajudicial.com.br\/Bolsa_de_estudos_CEPJ.pdf\" class=\"pdfemb-viewer\" style=\"\" data-width=\"max\" data-height=\"max\"  data-toolbar=\"both\" data-toolbar-fixed=\"on\">Bolsa de estudos CEPJ<br\/><\/a><\/p>\t\t\t\t\t<\/div>\n\t\t\t\t\t\t\t\t<\/div>\n\t\t<\/div>\n\t\t\t\t<\/div>\n\t\t\t\t<\/div>\n\t\t\t\t<div class=\"elementor-element elementor-element-f13d9a7 elementor-hidden-tablet elementor-hidden-phone elementor-widget elementor-widget-elementskit-button\" data-id=\"f13d9a7\" data-element_type=\"widget\" data-widget_type=\"elementskit-button.default\">\n\t\t\t\t<div class=\"elementor-widget-container\">\n\t\t\t<div class=\"ekit-wid-con\" >\t\t<div class=\"ekit-btn-wraper\">\n\t\t\t\t\t\t\t<a href=\"http:\/\/www.policiajudicial.com.br\/Bolsa_de_estudos_CEPJ.pdf\" class=\"elementskit-btn  whitespace--normal\" >\n\t\t\t\t\t\n\t\t\t\t\t\n\t\t\t\t\tClique aqui para baixar o Edital do PROCESSO SELETIVO PARA OBTEN\u00c7\u00c3O DE BOLSA DE ESTUDOS\t\t\t\t<\/a>\n\t\t\t\t\t\t<\/div>\n        <\/div>\t\t<\/div>\n\t\t\t\t<\/div>\n\t\t\t\t<div class=\"elementor-element elementor-element-a5f483c elementor-widget elementor-widget-text-editor\" data-id=\"a5f483c\" data-element_type=\"widget\" data-widget_type=\"text-editor.default\">\n\t\t\t\t<div class=\"elementor-widget-container\">\n\t\t\t\t\t\t\t\t<div class=\"elementor-text-editor elementor-clearfix\">\n\t\t\t\t\t<ol>\n<li><strong>Armamento e tiro<\/strong><\/li>\n<li><strong>Atendimento pr\u00e9-hospitalar (primeiros socorros)<\/strong><\/li>\n<li><strong>Bal\u00edstica<\/strong><\/li>\n<li><strong>Brigada de inc\u00eandio<\/strong><\/li>\n<li><strong>Cerimonial, etiqueta e eventos<\/strong><\/li>\n<li><strong>Conduta de seguran\u00e7a preventiva e contingencial<\/strong><\/li>\n<li><strong>Contraespionagem<\/strong><\/li>\n<li><strong>Contrapropaganda<\/strong><\/li>\n<li><strong>Contrassabotagem<\/strong><\/li>\n<li><strong>Contraterrorismo<\/strong><\/li>\n<li><strong>Controle de dist\u00farbios civis<\/strong><\/li>\n<li><strong>Criminal\u00edstica<\/strong><\/li>\n<li><strong>Criminologia<\/strong><\/li>\n<li><strong>Cybercrime e cybersecurity<\/strong><\/li>\n<li><strong>Defesa pessoal<\/strong><\/li>\n<li><strong>Dire\u00e7\u00e3o defensiva<\/strong><\/li>\n<li><strong>Dire\u00e7\u00e3o evasiva e ofensiva<\/strong><\/li>\n<li><strong>Direito Constitucional<\/strong><\/li>\n<li><strong>Direito Penal<\/strong><\/li>\n<li><strong>Direito Processual Penal<\/strong><\/li>\n<li><strong>Direitos Humanos<\/strong><\/li>\n<li><strong>Educa\u00e7\u00e3o e acondicionamento f\u00edsico<\/strong><\/li>\n<li><strong>Escolta armada e condu\u00e7\u00f5es diversas<\/strong><\/li>\n<li><strong>Forma\u00e7\u00e3o de instrutor de pol\u00edcia judicial<\/strong><\/li>\n<li><strong>Gerenciamento de conflitos<\/strong><\/li>\n<li><strong>Gerenciamento de crises<\/strong><\/li>\n<li><strong>Gest\u00e3o de continuidade de neg\u00f3cios<\/strong><\/li>\n<li><strong>Gest\u00e3o de emerg\u00eancias e de desastres<\/strong><\/li>\n<li><strong>Gest\u00e3o de riscos<\/strong><\/li>\n<li><strong>Gest\u00e3o de seguran\u00e7a corporativa<\/strong><\/li>\n<li><strong>Imobiliza\u00e7\u00f5es t\u00e1ticas<\/strong><\/li>\n<li><strong>IMPO \u2013 Instrumentos de Menor Potencial Ofensivo (armas e muni\u00e7\u00f5es de baixa letalidade)<\/strong><\/li>\n<li><strong>Intelig\u00eancia e contraintelig\u00eancia policial<\/strong><\/li>\n<li><strong>Investiga\u00e7\u00e3o criminal e psicologia forense<\/strong><\/li>\n<li><strong>Legisla\u00e7\u00e3o aplicada \u00e0 pol\u00edcia judicial e \u00e0 seguran\u00e7a judici\u00e1ria<\/strong><\/li>\n<li><strong>Negocia\u00e7\u00e3o<\/strong><\/li>\n<li><strong>No\u00e7\u00f5es de seguran\u00e7a privada<\/strong><\/li>\n<li><strong>Opera\u00e7\u00e3o de dispositivo el\u00e9trico incapacitante (DEC) &#8220;Spark e Taser\u201d<\/strong><\/li>\n<li><strong>Opera\u00e7\u00f5es de armas de baixa letalidade<\/strong><\/li>\n<li><strong>Opera\u00e7\u00f5es t\u00e1ticas de seguran\u00e7a<\/strong><\/li>\n<li><strong>Planejamento de seguran\u00e7a contingencial<\/strong><\/li>\n<li><strong>Planejamento de seguran\u00e7a contra inc\u00eandio e p\u00e2nico<\/strong><\/li>\n<li><strong>Planejamento de seguran\u00e7a para magistrados em situa\u00e7\u00f5es de risco<\/strong><\/li>\n<li><strong>Planejamento estrat\u00e9gico de seguran\u00e7a<\/strong><\/li>\n<li><strong>Policiamento de seguran\u00e7a institucional<\/strong><\/li>\n<li><strong>Pol\u00edticas de seguran\u00e7a institucional<\/strong><\/li>\n<li><strong>Preven\u00e7\u00e3o a il\u00edcitos<\/strong><\/li>\n<li><strong>Preven\u00e7\u00e3o e combate a inc\u00eandios<\/strong><\/li>\n<li><strong>Preven\u00e7\u00e3o e combate a sinistros<\/strong><\/li>\n<li><strong>Primeiros socorros<\/strong><\/li>\n<li><strong>Procedimentos com artefatos explosivos e similares<\/strong><\/li>\n<li><strong>Procedimentos de seguran\u00e7a para oficiais de justi\u00e7a em situa\u00e7\u00f5es de risco<\/strong><\/li>\n<li><strong>Procedimentos operacionais padr\u00e3o &#8211; POP<\/strong><\/li>\n<li><strong>Radiocomunica\u00e7\u00f5es<\/strong><\/li>\n<li><strong>Rela\u00e7\u00f5es Humanas no Trabalho<\/strong><\/li>\n<li><strong>Resolu\u00e7\u00e3o de situa\u00e7\u00f5es de emerg\u00eancia<\/strong><\/li>\n<li><strong>Seguran\u00e7a corporativa e estrat\u00e9gica<\/strong><\/li>\n<li><strong>Seguran\u00e7a da Documenta\u00e7\u00e3o<\/strong><\/li>\n<li><strong>Seguran\u00e7a da Inform\u00e1tica<\/strong><\/li>\n<li><strong>Seguran\u00e7a das Comunica\u00e7\u00f5es e Telem\u00e1tica<\/strong><\/li>\n<li><strong>Seguran\u00e7a das informa\u00e7\u00f5es<\/strong><\/li>\n<li><strong>Seguran\u00e7a de \u00e1reas e instala\u00e7\u00f5es<\/strong><\/li>\n<li><strong>Seguran\u00e7a de grandes eventos<\/strong><\/li>\n<li><strong>Seguran\u00e7a de Pessoal<\/strong><\/li>\n<li><strong>Seguran\u00e7a do Material<\/strong><\/li>\n<li><strong>Seguran\u00e7a dos assuntos internos<\/strong><\/li>\n<li><strong>Seguran\u00e7a e prote\u00e7\u00e3o de dignit\u00e1rios<\/strong><\/li>\n<li><strong>Seguran\u00e7a eletr\u00f4nica<\/strong><\/li>\n<li><strong>Seguran\u00e7a org\u00e2nica<\/strong><\/li>\n<li><strong>Seguran\u00e7a para oficiais de justi\u00e7a<\/strong><\/li>\n<li><strong>Seguran\u00e7a pessoal, familiar e residencial<\/strong><\/li>\n<li><strong>Sistema de alarmes<\/strong><\/li>\n<li><strong>Sistema de CFTV<\/strong><\/li>\n<li><strong>Sistema de comunica\u00e7\u00e3o<\/strong><\/li>\n<li><strong>Sistema de defesa e autoprote\u00e7\u00e3o em confrontos armados<\/strong><\/li>\n<li><strong>Sistema de engenharia e arquitetura de seguran\u00e7a<\/strong><\/li>\n<li><strong>Sistema de ilumina\u00e7\u00e3o de emerg\u00eancia<\/strong><\/li>\n<li><strong>Sistema de ilumina\u00e7\u00e3o de per\u00edmetros (internos e externos)<\/strong><\/li>\n<li><strong>Sistema de monitoramento eletr\u00f4nico<\/strong><\/li>\n<li><strong>Sistema de seguran\u00e7a p\u00fablica e crime organizado<\/strong><\/li>\n<li><strong>Sistema de sinaliza\u00e7\u00e3o de seguran\u00e7a<\/strong><\/li>\n<li><strong>Sistema normativo de seguran\u00e7a<\/strong><\/li>\n<li><strong>Sistemas de controle de acesso<\/strong><\/li>\n<li><strong>Sistemas de seguran\u00e7a contra inc\u00eandio<\/strong><\/li>\n<li><strong>Sistemas integrados de seguran\u00e7a<\/strong><\/li>\n<li><strong>T\u00e9cnica de entrevista pr\u00e9via<\/strong><\/li>\n<li><strong>T\u00e9cnicas de abordagem a pessoas e tratamento \u00e0s v\u00edtimas<\/strong><\/li>\n<li><strong>T\u00e9cnicas de atendimento ao p\u00fablico<\/strong><\/li>\n<li><strong>T\u00e9cnicas de entrada e abordagem em edifica\u00e7\u00f5es<\/strong><\/li>\n<li><strong>T\u00e9cnicas de interven\u00e7\u00e3o policial e de verbaliza\u00e7\u00e3o<\/strong><\/li>\n<li><strong>Tecnologia de seguran\u00e7a aplicada \u00e0 atividade de pol\u00edcia judicial<\/strong><\/li>\n<li><strong>Uso diferenciado da for\u00e7a<\/strong><\/li>\n<li><strong>Vigil\u00e2ncia e policiamento ostensivo<\/strong><\/li>\n<\/ol>\t\t\t\t\t<\/div>\n\t\t\t\t\t\t<\/div>\n\t\t\t\t<\/div>\n\t\t\t\t<div class=\"elementor-element elementor-element-fb323df elementor-widget-divider--view-line_text elementor-widget-divider--separator-type-pattern elementor-widget-divider--no-spacing elementor-widget-divider--element-align-center elementor-widget elementor-widget-divider\" data-id=\"fb323df\" data-element_type=\"widget\" data-widget_type=\"divider.default\">\n\t\t\t\t<div class=\"elementor-widget-container\">\n\t\t\t\t\t<div class=\"elementor-divider\" style=\"--divider-pattern-url: url(&quot;data:image\/svg+xml,%3Csvg xmlns=&#039;http:\/\/www.w3.org\/2000\/svg&#039; preserveAspectRatio=&#039;none&#039; overflow=&#039;visible&#039; height=&#039;100%&#039; viewBox=&#039;0 0 24 24&#039; fill=&#039;black&#039; stroke=&#039;none&#039;%3E%3Cpath d=&#039;M24,8v12H0V8H24z M24,4v1H0V4H24z&#039;\/%3E%3C\/svg%3E&quot;);\">\n\t\t\t<span class=\"elementor-divider-separator\">\n\t\t\t\t\t\t\t<span class=\"elementor-divider__text elementor-divider__element\">MODALIDADES E CATEGORIAS DE A\u00c7\u00d5ES EDUCACIONAIS<\/span>\n\t\t\t\t\t\t<\/span>\n\t\t<\/div>\n\t\t\t\t<\/div>\n\t\t\t\t<\/div>\n\t\t\t\t<div class=\"elementor-element elementor-element-389ec25 elementor-widget elementor-widget-text-editor\" data-id=\"389ec25\" data-element_type=\"widget\" data-widget_type=\"text-editor.default\">\n\t\t\t\t<div class=\"elementor-widget-container\">\n\t\t\t\t\t\t\t\t<div class=\"elementor-text-editor elementor-clearfix\">\n\t\t\t\t\t<p>As a\u00e7\u00f5es educacionais s\u00e3o realizadas pelo Centro de Estudos de Ci\u00eancias Policiais nas modalidades presencial, semipresencial ou a dist\u00e2ncia nas seguintes categorias:<\/p><p><strong>I \u2013 CURSOS DE FORMA\u00c7\u00c3O:<\/strong> a\u00e7\u00e3o de desenvolvimento e aprendizagem de um conjunto de conhecimentos e habilidades espec\u00edficos para o exerc\u00edcio da atividade de seguran\u00e7a p\u00fablica ou privada.<\/p><p><strong>II \u2013 CURSOS DE APERFEI\u00c7OAMENTO:<\/strong> a\u00e7\u00e3o de educa\u00e7\u00e3o continuada ou<em> in company<\/em> que visa o desenvolvimento de compet\u00eancias estrat\u00e9gicas e espec\u00edficas para a melhoria da performance profissional. Sua finalidade \u00e9 atualizar, complementar e aprimorar as compet\u00eancias b\u00e1sicas adquiridas em cursos de forma\u00e7\u00e3o ou atender demandas pontuais de aprimoramento profissional.<\/p><p><strong>III \u2013 CURSOS DE EXTENS\u00c3O UNIVERSIT\u00c1RIA E DE P\u00d3S-GRADUA\u00c7\u00c3O:<\/strong> ciclo de estudos regulares, organizado sistematicamente em conv\u00eanios com institui\u00e7\u00f5es de ensino reconhecidas pelo Minist\u00e9rio da Educa\u00e7\u00e3o, visando a objetivos amplos e aprofundados de forma\u00e7\u00e3o acad\u00eamica e profissional, concedendo aos seus concluintes os t\u00edtulos ou certificados correspondentes, abertos a candidatos que satisfa\u00e7am os requisitos exigidos em cada caso.<\/p><p><strong>IV \u2013 PUBLICA\u00c7\u00d5ES ACAD\u00caMICAS:<\/strong> produ\u00e7\u00e3o acad\u00eamica e dissemina\u00e7\u00e3o de pesquisas e de trabalhos de cunho t\u00e9cnico-cient\u00edfico nas \u00e1reas de ci\u00eancias policiais, seguran\u00e7a judici\u00e1ria, seguran\u00e7a p\u00fablica e seguran\u00e7a privada.<\/p><p><strong>V \u2013 PROGRAMA DE RECICLAGEM ANUAL:<\/strong> treinamento anual obrigat\u00f3rio para percep\u00e7\u00e3o da Gratifica\u00e7\u00e3o de Atividade de Seguran\u00e7a \u2013 GAS por parte dos agentes de pol\u00edcia judicial.<\/p>\t\t\t\t\t<\/div>\n\t\t\t\t\t\t<\/div>\n\t\t\t\t<\/div>\n\t\t\t\t\t\t<\/div>\n\t\t\t\t\t<\/div>\n\t\t<\/div>\n\t\t\t\t\t\t\t\t<\/div>\n\t\t\t\t\t<\/div>\n\t\t<\/section>\n\t\t\t\t\t\t<\/div>\n\t\t\t\t\t\t<\/div>\n\t\t\t\t\t<\/div>\n\t\t","protected":false},"excerpt":{"rendered":"<p>JUNTE-SE A N\u00d3S TRABALHE CONOSCO Se voc\u00ea \u00e9 professor, escritor, policial ou especialista em seguran\u00e7a p\u00fablica ou privada e deseja realizar trabalhos de pesquisa e produ\u00e7\u00e3o cient\u00edfica voltados \u00e0s ci\u00eancias policiais ou \u00e0 ci\u00eancia de seguran\u00e7a, intelig\u00eancia ou contraintelig\u00eancia, JUNTE-SE A N\u00d3S, envie seu curr\u00edculo para coordenador@policiajudicial.com.br, indique os temas de estudos que fazem parte [&hellip;]<\/p>\n","protected":false},"author":1,"featured_media":0,"parent":0,"menu_order":0,"comment_status":"closed","ping_status":"closed","template":"","meta":[],"_links":{"self":[{"href":"https:\/\/www.policiajudicial.com.br\/site\/index.php?rest_route=\/wp\/v2\/pages\/51"}],"collection":[{"href":"https:\/\/www.policiajudicial.com.br\/site\/index.php?rest_route=\/wp\/v2\/pages"}],"about":[{"href":"https:\/\/www.policiajudicial.com.br\/site\/index.php?rest_route=\/wp\/v2\/types\/page"}],"author":[{"embeddable":true,"href":"https:\/\/www.policiajudicial.com.br\/site\/index.php?rest_route=\/wp\/v2\/users\/1"}],"replies":[{"embeddable":true,"href":"https:\/\/www.policiajudicial.com.br\/site\/index.php?rest_route=%2Fwp%2Fv2%2Fcomments&post=51"}],"version-history":[{"count":68,"href":"https:\/\/www.policiajudicial.com.br\/site\/index.php?rest_route=\/wp\/v2\/pages\/51\/revisions"}],"predecessor-version":[{"id":596,"href":"https:\/\/www.policiajudicial.com.br\/site\/index.php?rest_route=\/wp\/v2\/pages\/51\/revisions\/596"}],"wp:attachment":[{"href":"https:\/\/www.policiajudicial.com.br\/site\/index.php?rest_route=%2Fwp%2Fv2%2Fmedia&parent=51"}],"curies":[{"name":"wp","href":"https:\/\/api.w.org\/{rel}","templated":true}]}}